{"id":741,"date":"2017-09-13T15:39:52","date_gmt":"2017-09-13T19:39:52","guid":{"rendered":"https:\/\/www.lechienfumant.com\/nouvelles\/"},"modified":"2025-04-08T14:12:35","modified_gmt":"2025-04-08T18:12:35","slug":"news","status":"publish","type":"page","link":"https:\/\/www.lechienfumant.com\/en\/news\/","title":{"rendered":"News"},"content":{"rendered":"<p>[et_pb_section fb_built=&#8221;1&#8243; fullwidth=&#8221;on&#8221; custom_padding_last_edited=&#8221;on|desktop&#8221; disabled_on=&#8221;on|on|&#8221; admin_label=&#8221;Section&#8221; module_class=&#8221;top-banner a-propos default-menu default-top&#8221; _builder_version=&#8221;4.16&#8243; background_image=&#8221;https:\/\/www.lechienfumant.com\/wp-content\/uploads\/2017\/10\/nouvelles-banner.jpg&#8221; custom_padding_tablet=&#8221;50px|0|50px|0&#8243; custom_padding_phone=&#8221;&#8221; transparent_background=&#8221;off&#8221; padding_mobile=&#8221;off&#8221; make_fullwidth=&#8221;off&#8221; use_custom_width=&#8221;off&#8221; width_unit=&#8221;on&#8221; global_colors_info=&#8221;{}&#8221;][et_pb_fullwidth_header header_scroll_down=&#8221;on&#8221; scroll_down_icon=&#8221;%%1%%&#8221; content_max_width=&#8221;none&#8221; admin_label=&#8221;En-t\u00eate plein \u00e9cran&#8221; _builder_version=&#8221;4.16&#8243; background_color=&#8221;rgba(255, 255, 255, 0)&#8221; background_layout=&#8221;light&#8221; button_one_letter_spacing_hover=&#8221;0&#8243; button_two_letter_spacing_hover=&#8221;0&#8243; global_colors_info=&#8221;{}&#8221; button_one_text_size__hover_enabled=&#8221;off&#8221; button_two_text_size__hover_enabled=&#8221;off&#8221; button_one_text_color__hover_enabled=&#8221;off&#8221; button_two_text_color__hover_enabled=&#8221;off&#8221; button_one_border_width__hover_enabled=&#8221;off&#8221; button_two_border_width__hover_enabled=&#8221;off&#8221; button_one_border_color__hover_enabled=&#8221;off&#8221; button_two_border_color__hover_enabled=&#8221;off&#8221; button_one_border_radius__hover_enabled=&#8221;off&#8221; button_two_border_radius__hover_enabled=&#8221;off&#8221; button_one_letter_spacing__hover_enabled=&#8221;on&#8221; button_one_letter_spacing__hover=&#8221;0&#8243; button_two_letter_spacing__hover_enabled=&#8221;on&#8221; button_two_letter_spacing__hover=&#8221;0&#8243; button_one_bg_color__hover_enabled=&#8221;off&#8221; button_two_bg_color__hover_enabled=&#8221;off&#8221;]<\/p>\n<div class=\"text-img-banner\">\n<img decoding=\"async\" class=\"chien-logo\" src=\"\/wp-content\/uploads\/2017\/10\/logo_307x300.png\"><\/p>\n<h1>Our hot news<\/h1>\n<\/div>\n<p>[\/et_pb_fullwidth_header][\/et_pb_section][et_pb_section fb_built=&#8221;1&#8243; fullwidth=&#8221;on&#8221; custom_padding_last_edited=&#8221;on|desktop&#8221; disabled_on=&#8221;|off|on&#8221; admin_label=&#8221;Section&#8221; module_class=&#8221;top-banner a-propos default-menu default-top&#8221; _builder_version=&#8221;4.16&#8243; background_image=&#8221;https:\/\/www.lechienfumant.com\/wp-content\/uploads\/2017\/10\/mobile_nouvelles.jpg&#8221; custom_padding_tablet=&#8221;50px|0|50px|0&#8243; custom_padding_phone=&#8221;&#8221; transparent_background=&#8221;off&#8221; padding_mobile=&#8221;off&#8221; make_fullwidth=&#8221;off&#8221; use_custom_width=&#8221;off&#8221; width_unit=&#8221;on&#8221; global_colors_info=&#8221;{}&#8221;][et_pb_fullwidth_header header_scroll_down=&#8221;on&#8221; scroll_down_icon=&#8221;%%1%%&#8221; content_max_width=&#8221;none&#8221; admin_label=&#8221;En-t\u00eate plein \u00e9cran mobile&#8221; _builder_version=&#8221;4.16&#8243; background_color=&#8221;rgba(255, 255, 255, 0)&#8221; background_layout=&#8221;light&#8221; button_one_letter_spacing_hover=&#8221;0&#8243; button_two_letter_spacing_hover=&#8221;0&#8243; global_colors_info=&#8221;{}&#8221; button_one_text_size__hover_enabled=&#8221;off&#8221; button_two_text_size__hover_enabled=&#8221;off&#8221; button_one_text_color__hover_enabled=&#8221;off&#8221; button_two_text_color__hover_enabled=&#8221;off&#8221; button_one_border_width__hover_enabled=&#8221;off&#8221; button_two_border_width__hover_enabled=&#8221;off&#8221; button_one_border_color__hover_enabled=&#8221;off&#8221; button_two_border_color__hover_enabled=&#8221;off&#8221; button_one_border_radius__hover_enabled=&#8221;off&#8221; button_two_border_radius__hover_enabled=&#8221;off&#8221; button_one_letter_spacing__hover_enabled=&#8221;on&#8221; button_one_letter_spacing__hover=&#8221;0&#8243; button_two_letter_spacing__hover_enabled=&#8221;on&#8221; button_two_letter_spacing__hover=&#8221;0&#8243; button_one_bg_color__hover_enabled=&#8221;off&#8221; button_two_bg_color__hover_enabled=&#8221;off&#8221;]<\/p>\n<div class=\"text-img-banner\">\n<img decoding=\"async\" class=\"chien-logo\" src=\"\/wp-content\/uploads\/2017\/10\/logo_307x300.png\"><\/p>\n<h1>Our hot news<\/h1>\n<\/div>\n<p>[\/et_pb_fullwidth_header][\/et_pb_section][et_pb_section fb_built=&#8221;1&#8243; custom_padding_last_edited=&#8221;on|desktop&#8221; admin_label=&#8221;Section&#8221; module_class=&#8221;breadCrumbs&#8221; _builder_version=&#8221;3.22&#8243; custom_padding_tablet=&#8221;50px|0|50px|0&#8243; custom_padding_phone=&#8221;&#8221; transparent_background=&#8221;off&#8221; padding_mobile=&#8221;off&#8221; make_fullwidth=&#8221;off&#8221; use_custom_width=&#8221;off&#8221; width_unit=&#8221;on&#8221; global_module=&#8221;908&#8243; global_colors_info=&#8221;{}&#8221;][et_pb_row _builder_version=&#8221;4.16&#8243; background_size=&#8221;initial&#8221; background_position=&#8221;top_left&#8221; background_repeat=&#8221;repeat&#8221; global_colors_info=&#8221;{}&#8221;][et_pb_column type=&#8221;4_4&#8243; _builder_version=&#8221;4.16&#8243; custom_padding=&#8221;|||&#8221; global_colors_info=&#8221;{}&#8221; custom_padding__hover=&#8221;|||&#8221;][et_pb_text admin_label=&#8221;Breadcrumb&#8221; _builder_version=&#8221;4.16&#8243; background_size=&#8221;initial&#8221; background_position=&#8221;top_left&#8221; background_repeat=&#8221;repeat&#8221; use_border_color=&#8221;off&#8221; border_color=&#8221;#ffffff&#8221; border_style=&#8221;solid&#8221; global_colors_info=&#8221;{}&#8221;]<\/p>\n<span><span><a href=\"https:\/\/www.lechienfumant.com\/en\/\"><img decoding=\"async\" class=\"breadcrumb-home\" src=\"\/wp-content\/uploads\/2017\/08\/CF-logo-md.png\"><\/a><\/span><\/span>\n<p>[\/et_pb_text][\/et_pb_column][\/et_pb_row][\/et_pb_section][et_pb_section fb_built=&#8221;1&#8243; admin_label=&#8221;Section&#8221; _builder_version=&#8221;4.16&#8243; global_colors_info=&#8221;{}&#8221;][et_pb_row use_custom_gutter=&#8221;on&#8221; gutter_width=&#8221;0&#8243; padding_mobile=&#8221;off&#8221; column_padding_mobile=&#8221;on&#8221; admin_label=&#8221;Ligne&#8221; module_class=&#8221;blog-wrapper&#8221; _builder_version=&#8221;4.16&#8243; background_size=&#8221;initial&#8221; background_position=&#8221;top_left&#8221; background_repeat=&#8221;repeat&#8221; make_fullwidth=&#8221;off&#8221; use_custom_width=&#8221;off&#8221; width_unit=&#8221;on&#8221; global_colors_info=&#8221;{}&#8221;][et_pb_column type=&#8221;4_4&#8243; _builder_version=&#8221;4.16&#8243; custom_padding=&#8221;|||&#8221; global_colors_info=&#8221;{}&#8221; custom_padding__hover=&#8221;|||&#8221;][et_pb_blog show_more=&#8221;on&#8221; show_author=&#8221;off&#8221; show_categories=&#8221;off&#8221; admin_label=&#8221;Blog&#8221; _builder_version=&#8221;4.16&#8243; use_border_color=&#8221;off&#8221; border_color=&#8221;#ffffff&#8221; border_style=&#8221;solid&#8221; use_dropshadow=&#8221;off&#8221; global_colors_info=&#8221;{}&#8221;][\/et_pb_blog][\/et_pb_column][\/et_pb_row][\/et_pb_section][et_pb_section fb_built=&#8221;1&#8243; custom_padding_last_edited=&#8221;on|desktop&#8221; admin_label=&#8221;Section&#8221; module_class=&#8221;black-bg map-section &#8221; _builder_version=&#8221;3.0.74&#8243; background_color=&#8221;#000000&#8243; background_image=&#8221;https:\/\/www.lechienfumant.com\/wp-content\/uploads\/2017\/10\/footer-bg.jpg&#8221; custom_padding_tablet=&#8221;50px|0|50px|0&#8243; custom_padding_phone=&#8221;&#8221; transparent_background=&#8221;off&#8221; padding_mobile=&#8221;off&#8221; make_fullwidth=&#8221;off&#8221; use_custom_width=&#8221;off&#8221; width_unit=&#8221;on&#8221; global_module=&#8221;643&#8243; global_colors_info=&#8221;{}&#8221;][et_pb_row column_structure=&#8221;1_2,1_2&#8243; padding_mobile=&#8221;off&#8221; column_padding_mobile=&#8221;on&#8221; module_class=&#8221;no-padding-top no-padding-bottom&#8221; _builder_version=&#8221;4.16&#8243; background_size=&#8221;initial&#8221; background_position=&#8221;top_left&#8221; background_repeat=&#8221;repeat&#8221; global_colors_info=&#8221;{}&#8221;][et_pb_column type=&#8221;1_2&#8243; module_class=&#8221;fixheight-home1&#8243; _builder_version=&#8221;4.16&#8243; custom_padding=&#8221;|||&#8221; global_colors_info=&#8221;{}&#8221; custom_padding__hover=&#8221;|||&#8221;][et_pb_map address=&#8221;4710 Rue De Lanaudi\u00e8re, Montr\u00e9al, QC H2J 3P7, Canada&#8221; address_lat=&#8221;45.5317256&#8243; address_lng=&#8221;-73.58040310000001&#8243; use_grayscale_filter=&#8221;on&#8221; grayscale_filter_amount=&#8221;42&#8243; disabled_on=&#8221;on||&#8221; module_class=&#8221;vertical-align&#8221; _builder_version=&#8221;4.16&#8243; child_filter_saturate=&#8221;58%&#8221; global_colors_info=&#8221;{}&#8221;][et_pb_map_pin pin_address=&#8221;4710 Rue De Lanaudi\u00e8re, Montr\u00e9al, QC H2J 3P7, Canada&#8221; pin_address_lat=&#8221;45.5317256&#8243; pin_address_lng=&#8221;-73.58040310000001&#8243; _builder_version=&#8221;3.0.47&#8243; global_colors_info=&#8221;{}&#8221;]<\/p>\n<p>4710, De Lanaudi\u00e8re<br \/>Montr\u00e9al, QC<br \/>H2J3P7<\/p>\n<p>[\/et_pb_map_pin][\/et_pb_map][\/et_pb_column][et_pb_column type=&#8221;1_2&#8243; module_class=&#8221;fixheight-home1&#8243; _builder_version=&#8221;4.16&#8243; custom_padding=&#8221;|||&#8221; global_colors_info=&#8221;{}&#8221; custom_padding__hover=&#8221;|||&#8221;][et_pb_text admin_label=&#8221;Opening hours&#8221; module_class=&#8221;vertical-align map-section-text&#8221; _builder_version=&#8221;4.16&#8243; background_size=&#8221;initial&#8221; background_position=&#8221;top_left&#8221; background_repeat=&#8221;repeat&#8221; use_border_color=&#8221;off&#8221; global_colors_info=&#8221;{}&#8221;]<\/p>\n<div class=\"logo-horaire\">\n<div class=\"logo-md\"><img decoding=\"async\" class=\"mini-logo\" src=\"\/wp-content\/uploads\/2017\/08\/CF-logo-md.png\" \/><\/div>\n<div class=\"horaire-CF\">\n<h2>Opening<\/h2>\n<p>&nbsp;<\/p>\n<p>hours<\/p>\n<div class=\"logo-horaire\">\n<div class=\"horaire-CF\">\n<p class=\"days\">Tuesday to Saturday 6 p.m. to 10 P.m.<\/p>\n<\/div>\n<\/div>\n<\/div>\n<\/div>\n<hr \/>\n<p class=\"address\">4710, rue De Lanaudi\u00e8re Montr\u00e9al, QC H2J 3P7<\/p>\n<hr \/>\n<p class=\"phone\"><a href=\"tel:5145242444\"><img decoding=\"async\" src=\"\/wp-content\/uploads\/2017\/08\/icon-phone.png\" \/>\u00a0 514.524.2444<\/a><\/p>\n<p class=\"modele-btn modele-white remove-mob\"><a href=\"https:\/\/widgets.libroreserve.com\/WEB\/QC016612831698\/book\" target=\"_blank\" rel=\"noopener noreferrer\">Book now with Libro<\/a><\/p>\n<p class=\"nota\">*Cancellation without fee if done before midnight the day before the reservation. If a reservation is cancelled after this time, a fee of $60 per person will be charged, and returned as a valid Chien Fumant gift certificate valued at $60. Cancellation fees are charged only for a complete cancellation, and not if the number of reserved places decreases. Cancellation fees will also be charged if, on the day of the reservation, the reservation is transferred to later date (transfers must be done before midnight the day before the reservation).<\/p>\n<p class=\"cta-google remove-desktop\"><a href=\"https:\/\/www.google.ca\/maps\/place\/4710+Rue+De+Lanaudi%C3%A8re,+Montr%C3%A9al,+QC+H2J+3P7\/@45.5317256,-73.5825918,17z\/data=!3m1!4b1!4m5!3m4!1s0x4cc91bdbf523da19:0xdedfded2e5017a13!8m2!3d45.5317256!4d-73.5804031?hl=fr\" target=\"_blank\" rel=\"noopener noreferrer\">Open in google maps<\/a><\/p>\n<p>[\/et_pb_text][\/et_pb_column][\/et_pb_row][\/et_pb_section][et_pb_section fb_built=&#8221;1&#8243; fullwidth=&#8221;on&#8221; custom_padding_last_edited=&#8221;on|desktop&#8221; disabled_on=&#8221;on||&#8221; admin_label=&#8221;Section&#8221; module_class=&#8221;black-bg bottom-menu no-padding&#8221; _builder_version=&#8221;3.22&#8243; custom_padding_tablet=&#8221;50px|0|50px|0&#8243; custom_padding_phone=&#8221;&#8221; transparent_background=&#8221;off&#8221; padding_mobile=&#8221;off&#8221; make_fullwidth=&#8221;off&#8221; use_custom_width=&#8221;off&#8221; width_unit=&#8221;on&#8221; global_module=&#8221;644&#8243; global_colors_info=&#8221;{}&#8221;][et_pb_fullwidth_menu menu_id=&#8221;20&#8243; menu_style=&#8221;centered&#8221; submenu_direction=&#8221;downwards&#8221; fullwidth_menu=&#8221;off&#8221; _builder_version=&#8221;4.16&#8243; background_color=&#8221;#000000&#8243; global_colors_info=&#8221;{}&#8221;][\/et_pb_fullwidth_menu][\/et_pb_section]<\/p>\n","protected":false},"excerpt":{"rendered":"<p>Our hot news Our hot news <span><span><a href=\"https:\/\/www.lechienfumant.com\/en\/\"><img decoding=\"async\" class=\"breadcrumb-home\" src=\"\/wp-content\/uploads\/2017\/08\/CF-logo-md.png\"><\/a><\/span><\/span>4710, De Lanaudi\u00e8reMontr\u00e9al, QCH2J3P7 Opening &nbsp; hours Tuesday to Saturday 6 p.m. to 10 P.m. 4710, rue De Lanaudi\u00e8re Montr\u00e9al, QC H2J 3P7 \u00a0 514.524.2444 Book now with Libro *Cancellation without fee if done before midnight the day before the reservation. If a reservation is cancelled after this time, [&hellip;]<\/p>\n","protected":false},"author":12,"featured_media":0,"parent":0,"menu_order":0,"comment_status":"closed","ping_status":"closed","template":"","meta":{"_et_pb_use_builder":"on","_et_pb_old_content":"","_et_gb_content_width":"","footnotes":""},"class_list":["post-741","page","type-page","status-publish","hentry"],"yoast_head":"<!-- This site is optimized with the Yoast SEO plugin v26.6 - https:\/\/yoast.com\/wordpress\/plugins\/seo\/ -->\n<title>News | Le Chien Fumant<\/title>\n<meta name=\"description\" content=\"Get the latest on Le Chien Fumant and the people who make it what it is.\" \/>\n<meta name=\"robots\" content=\"index, follow, max-snippet:-1, max-image-preview:large, max-video-preview:-1\" \/>\n<link rel=\"canonical\" href=\"https:\/\/www.lechienfumant.com\/en\/news\/\" \/>\n<meta property=\"og:locale\" content=\"en_US\" \/>\n<meta property=\"og:type\" content=\"article\" \/>\n<meta property=\"og:title\" content=\"News | Le Chien Fumant\" \/>\n<meta property=\"og:description\" content=\"Get the latest on Le Chien Fumant and the people who make it what it is.\" \/>\n<meta property=\"og:url\" content=\"https:\/\/www.lechienfumant.com\/en\/news\/\" \/>\n<meta property=\"og:site_name\" content=\"Le Chien Fumant\" \/>\n<meta property=\"article:modified_time\" content=\"2025-04-08T18:12:35+00:00\" \/>\n<meta property=\"og:image\" content=\"https:\/\/www.lechienfumant.com\/wp-content\/uploads\/2017\/10\/nouvelles-banner.jpg\" \/>\n<meta name=\"twitter:card\" content=\"summary_large_image\" \/>\n<meta name=\"twitter:label1\" content=\"Est. reading time\" \/>\n\t<meta name=\"twitter:data1\" content=\"6 minutes\" \/>\n<script type=\"application\/ld+json\" class=\"yoast-schema-graph\">{\"@context\":\"https:\/\/schema.org\",\"@graph\":[{\"@type\":\"WebPage\",\"@id\":\"https:\/\/www.lechienfumant.com\/en\/news\/\",\"url\":\"https:\/\/www.lechienfumant.com\/en\/news\/\",\"name\":\"News | Le Chien Fumant\",\"isPartOf\":{\"@id\":\"https:\/\/www.lechienfumant.com\/#website\"},\"datePublished\":\"2017-09-13T19:39:52+00:00\",\"dateModified\":\"2025-04-08T18:12:35+00:00\",\"description\":\"Get the latest on Le Chien Fumant and the people who make it what it is.\",\"breadcrumb\":{\"@id\":\"https:\/\/www.lechienfumant.com\/en\/news\/#breadcrumb\"},\"inLanguage\":\"en-US\",\"potentialAction\":[{\"@type\":\"ReadAction\",\"target\":[\"https:\/\/www.lechienfumant.com\/en\/news\/\"]}]},{\"@type\":\"BreadcrumbList\",\"@id\":\"https:\/\/www.lechienfumant.com\/en\/news\/#breadcrumb\",\"itemListElement\":[{\"@type\":\"ListItem\",\"position\":1,\"name\":\"\",\"item\":\"https:\/\/www.lechienfumant.com\/en\/\"},{\"@type\":\"ListItem\",\"position\":2,\"name\":\"News\"}]},{\"@type\":\"WebSite\",\"@id\":\"https:\/\/www.lechienfumant.com\/#website\",\"url\":\"https:\/\/www.lechienfumant.com\/\",\"name\":\"Le Chien Fumant\",\"description\":\"\",\"potentialAction\":[{\"@type\":\"SearchAction\",\"target\":{\"@type\":\"EntryPoint\",\"urlTemplate\":\"https:\/\/www.lechienfumant.com\/?s={search_term_string}\"},\"query-input\":{\"@type\":\"PropertyValueSpecification\",\"valueRequired\":true,\"valueName\":\"search_term_string\"}}],\"inLanguage\":\"en-US\"}]}<\/script>\n<!-- \/ Yoast SEO plugin. -->","yoast_head_json":{"title":"News | Le Chien Fumant","description":"Get the latest on Le Chien Fumant and the people who make it what it is.","robots":{"index":"index","follow":"follow","max-snippet":"max-snippet:-1","max-image-preview":"max-image-preview:large","max-video-preview":"max-video-preview:-1"},"canonical":"https:\/\/www.lechienfumant.com\/en\/news\/","og_locale":"en_US","og_type":"article","og_title":"News | Le Chien Fumant","og_description":"Get the latest on Le Chien Fumant and the people who make it what it is.","og_url":"https:\/\/www.lechienfumant.com\/en\/news\/","og_site_name":"Le Chien Fumant","article_modified_time":"2025-04-08T18:12:35+00:00","og_image":[{"url":"https:\/\/www.lechienfumant.com\/wp-content\/uploads\/2017\/10\/nouvelles-banner.jpg","type":"","width":"","height":""}],"twitter_card":"summary_large_image","twitter_misc":{"Est. reading time":"6 minutes"},"schema":{"@context":"https:\/\/schema.org","@graph":[{"@type":"WebPage","@id":"https:\/\/www.lechienfumant.com\/en\/news\/","url":"https:\/\/www.lechienfumant.com\/en\/news\/","name":"News | Le Chien Fumant","isPartOf":{"@id":"https:\/\/www.lechienfumant.com\/#website"},"datePublished":"2017-09-13T19:39:52+00:00","dateModified":"2025-04-08T18:12:35+00:00","description":"Get the latest on Le Chien Fumant and the people who make it what it is.","breadcrumb":{"@id":"https:\/\/www.lechienfumant.com\/en\/news\/#breadcrumb"},"inLanguage":"en-US","potentialAction":[{"@type":"ReadAction","target":["https:\/\/www.lechienfumant.com\/en\/news\/"]}]},{"@type":"BreadcrumbList","@id":"https:\/\/www.lechienfumant.com\/en\/news\/#breadcrumb","itemListElement":[{"@type":"ListItem","position":1,"name":"","item":"https:\/\/www.lechienfumant.com\/en\/"},{"@type":"ListItem","position":2,"name":"News"}]},{"@type":"WebSite","@id":"https:\/\/www.lechienfumant.com\/#website","url":"https:\/\/www.lechienfumant.com\/","name":"Le Chien Fumant","description":"","potentialAction":[{"@type":"SearchAction","target":{"@type":"EntryPoint","urlTemplate":"https:\/\/www.lechienfumant.com\/?s={search_term_string}"},"query-input":{"@type":"PropertyValueSpecification","valueRequired":true,"valueName":"search_term_string"}}],"inLanguage":"en-US"}]}},"jetpack_sharing_enabled":true,"_links":{"self":[{"href":"https:\/\/www.lechienfumant.com\/en\/wp-json\/wp\/v2\/pages\/741","targetHints":{"allow":["GET"]}}],"collection":[{"href":"https:\/\/www.lechienfumant.com\/en\/wp-json\/wp\/v2\/pages"}],"about":[{"href":"https:\/\/www.lechienfumant.com\/en\/wp-json\/wp\/v2\/types\/page"}],"author":[{"embeddable":true,"href":"https:\/\/www.lechienfumant.com\/en\/wp-json\/wp\/v2\/users\/12"}],"replies":[{"embeddable":true,"href":"https:\/\/www.lechienfumant.com\/en\/wp-json\/wp\/v2\/comments?post=741"}],"version-history":[{"count":1,"href":"https:\/\/www.lechienfumant.com\/en\/wp-json\/wp\/v2\/pages\/741\/revisions"}],"predecessor-version":[{"id":3182,"href":"https:\/\/www.lechienfumant.com\/en\/wp-json\/wp\/v2\/pages\/741\/revisions\/3182"}],"wp:attachment":[{"href":"https:\/\/www.lechienfumant.com\/en\/wp-json\/wp\/v2\/media?parent=741"}],"curies":[{"name":"wp","href":"https:\/\/api.w.org\/{rel}","templated":true}]}}